{"id":230,"date":"2023-01-11T11:16:08","date_gmt":"2023-01-11T10:16:08","guid":{"rendered":"https:\/\/bestwesternthehotelversailles.ms.decms.eu\/mentions-legales\/"},"modified":"2023-01-31T13:49:16","modified_gmt":"2023-01-31T12:49:16","slug":"legal-notice","status":"publish","type":"page","link":"https:\/\/www.thehotel-versailles.fr\/en\/legal-notice\/","title":{"rendered":"Legal notice"},"content":{"rendered":"<div class=\"w-container\">\n<div class=\"left\">\n<div class=\"content\">\n<p align=\"left\">THE HOTEL VERSAILLES \u2013 SH BUC YVELINES ( HOTEL \u2013 HEBERGEMENT)<\/p>\n<p align=\"left\">Soci\u00e9t\u00e9 \u00e0 responsabilit\u00e9 limit\u00e9e au capital de 45000 euros<br \/>\nRue Moranne Saulnier 78530 BUC<br \/>\nRCS 319 187 431 R.C.S. VERSAILLES<br \/>\nIntracom VAT no.: FR33319187431<br \/>\nT\u00e9l.: +33 (0)1 39 56 48 11 \u2013 Fax : +33 (0)1 39 56 81 54<\/p>\n<p align=\"left\">The director of the publication is Mrs Laura Gallet<br \/>\nE-mail address: bestwestern@thehotel-versailles.fr<\/p>\n<p align=\"left\">The https:\/\/www.thehotel-versailles.fr\/ website is hosted by the OVH company, 140 Quai du Sartel 59100 ROUBAIX<br \/>\nTelephone number: +33 (0)899 701 761<\/p>\n<p align=\"left\">https:\/\/www.thehotel-versailles.fr\/ (the Website) is the exclusive property of SH BUC YVELINES ( HOTEL \u2013 HEBERGEMENT). It was designed and created by the FASTBOOKING and HED agency.<\/p>\n<p align=\"left\">Any Internet user shall fully accept and comply with the following conditions of use.<\/p>\n<p align=\"left\">The internet user already agrees to make the information contained on the Site solely for personal and non-commercial use. In the event that the Internet user does not comply with the stipulations of this Charter, their civil and\/or criminal liability may be incurred.<\/p>\n<p align=\"left\">1 \u2013 Content of the Site<\/p>\n<p align=\"left\">It is operated by SH BUC YVELINES ( HOTEL \u2013 HEBERGEMENT).<br \/>\nIt presents Internet users with the prices and services of the hotel. Online bookings can be made.<\/p>\n<p align=\"left\">The presentation of the prices applied by SH BUC YVELINES ( HOTEL \u2013 HEBERGEMENT) on the Site constitutes an offer to enter into a contract. It is also possible to contact SH BUC YVELINES ( HOTEL \u2013 HEBERGEMENT) directly to obtain a customized sales proposal.<\/p>\n<p align=\"left\">2 \u2013 Intellectual property<\/p>\n<p align=\"left\">The Site constitutes a work, the author of which is SH BUC YVELINES ( HOTEL \u2013 HEBERGEMENT) according to articles L111.1 et sequens of the French intellectual property code.<\/p>\n<p align=\"left\">Remember that the photographs contained on the Site are considered to be works of the human mind that benefit from copyright protection. Any unauthorised use of one or other of the photographs constitutes an act of infringement as stipulated by article L335-3 of the French intellectual property code.<\/p>\n<p align=\"left\">In general, the data, programmes, musical samples, texts, logos, visual identities, animated or non-animated images and their formatting appearing on the Site are the property of SH BUC YVELINES ( HOTEL \u2013 HEBERGEMENT) and are protected in this respect by the provisions of the of the French intellectual property code.<\/p>\n<p align=\"left\">Any Internet user agrees not to use them and not to allow anyone else to use this content for illegal purposes.<\/p>\n<p align=\"left\">Any representation or reproduction, total or partial, permanent or temporary, on an electronic medium and\/or paper, and by any procedure whatsoever (notably by means of framing*), of one or other of the elements of the Site or of the services proposed for sale, without the prior and explicit agreement of SH BUC YVELINES ( HOTEL \u2013 HEBERGEMENT) is prohibited, and constitutes an infringement, that may give rise to civil judgments and\/or criminal sentences. Only printing on paper is authorised for the purpose of private copies for the exclusive use of the person making the copy in accordance with article L122-5 2 of the French intellectual property code.<\/p>\n<p align=\"left\">No hypertext link to the Site can be installed without the prior and explicit agreement of SH BUC YVELINES ( HOTEL \u2013 HEBERGEMENT).<\/p>\n<p align=\"left\">*action of capturing the content of pages on a website to transfer them to one\u2019s own website by means of a hypertext link, passing off the said content as one\u2019s own.<\/p>\n<p align=\"left\">3 \u2013 Protection of personal data<\/p>\n<p align=\"left\">The Internet user may be required to leave some personal data when filling in the forms that are available to them. This data must be entered for SH BUC YVELINES ( HOTEL \u2013 HEBERGEMENT) to process the Internet user\u2019s request.<\/p>\n<p align=\"left\">SH BUC YVELINES ( HOTEL \u2013 HEBERGEMENT) agrees to comply with the provisions of the amended law no. 78-17 of 6 January 1978 in relation to data processing, files and freedoms and to take all the necessary precautions to preserve the safety of the nominative information entrusted. No personal information will be communicated to third party companies without the prior and informed consent of the Internet user.<\/p>\n<p align=\"left\">The Internet user can, at any moment, exercise their right to access, rectify, delete or oppose the information that they supply during registration or subsequently, to SH BUC YVELINES ( HOTEL \u2013 HEBERGEMENT) by writing to SH BUC YVELINES ( HOTEL \u2013 HEBERGEMENT) Rue Moranne Saulnier 78530 BUC or by e-mail to bestwestern@thehotel-versailles.fr.<\/p>\n<p align=\"left\">4 \u2013 Cookies<\/p>\n<p align=\"left\">SH BUC YVELINES ( HOTEL \u2013 HEBERGEMENT) wishes to place a analytics cookie in the computer of the Internet user. A cookie is not used to identify the Internet user. It simply creates a random number that records the computer?s browsing information on the Site and the contracts subscribed by the Internet user. This information is kept for 13 months from the date of subscription.<\/p>\n<p align=\"left\">We inform you that you can oppose the registration of \u201ccookies\u201d by configuring your browser.<\/p>\n<p align=\"left\">Your browser\u2019s help menu will show you how to set or change your cookie preferences:<\/p>\n<p align=\"left\">For Internet Explorer\u2122:<br \/>\n<a href=\"http:\/\/windows.microsoft.com\/en-us\/windows-vista\/block-or-allow-cookie\" target=\"_blank\" rel=\"noopener\">http:\/\/windows.microsoft.com\/en-us\/windows-vista\/block-or-allow-cookie<\/a>s,<\/p>\n<p align=\"left\">For Safari\u2122:<br \/>\n<a href=\"http:\/\/support.apple.com\/kb\/ht1677\" target=\"_blank\" rel=\"noopener\">http:\/\/support.apple.com\/kb\/ht1677<\/a>,<\/p>\n<p align=\"left\">Pour Chrome\u2122:<br \/>\n<a href=\"https:\/\/support.google.com\/chrome\/answer\/95647?hl=en&amp;hlrm=en\" target=\"_blank\" rel=\"noopener\">https:\/\/support.google.com\/chrome\/answer\/95647?hl=en&amp;hlrm=en<\/a>,<\/p>\n<p align=\"left\">For Firefox\u2122:<br \/>\n<a href=\"https:\/\/support.mozilla.org\/en-US\/kb\/enable-and-disable-cookies-website-preferences\" target=\"_blank\" rel=\"noopener\">https:\/\/support.mozilla.org\/en-US\/kb\/enable-and-disable-cookies-website-preferences<\/a>,<\/p>\n<p align=\"left\">For Opera\u2122:<br \/>\n<a href=\"http:\/\/help.opera.com\/Windows\/10.20\/en\/cookies.html\" target=\"_blank\" rel=\"noopener\">http:\/\/help.opera.com\/Windows\/10.20\/en\/cookies.html<\/a>\u00b7<\/p>\n<p align=\"left\">5 \u2013 Liability<\/p>\n<p align=\"left\">SH BUC YVELINES ( HOTEL \u2013 HEBERGEMENT) declines any liability with respect to any malfunctions that may occur on the Site and that may lead to a loss of data or unavailable access to the information produced on the latter<\/p>\n<p align=\"left\">The elements present on the Site may be changed without prior notice and are made available to Internet users, without any guarantee of any sort, whether explicit or tacit.<\/p>\n<p align=\"left\">The presence of hypertext links in the Site \u2013 irrespective of the prior existence or not of the agreement of SH BUC YVELINES ( HOTEL \u2013 HEBERGEMENT) \u2013 does not create a joint and several liability between the latter and the owners of the other sites concerning the content of the sites to which the Internet user is directed.<\/p>\n<p align=\"left\">SH BUC YVELINES ( HOTEL \u2013 HEBERGEMENT) cannot guarantee the exhaustive nature and truthfulness of the information contained on the Site. Likewise, it cannot guarantee the absence of any modification by a third party (intrusion, virus).<\/p>\n<p align=\"left\">Moreover, the Internet user is solely responsible for the use that they make of the Site. Apart from the sole gross negligence of SH BUC YVELINES ( HOTEL \u2013 HEBERGEMENT), it can only be held liable for direct damage related to the use of the information produced on the Site.<\/p>\n<p align=\"left\">6 \u2013 Applicable law and jurisdiction<\/p>\n<p align=\"left\">All the information broadcast on the Site and the use that is made of it are subject exclusively to French law. Only courts within the jurisdiction of the Court of Appeal of Paris have the jurisdiction to determine any disputes related to the use of the Site.<\/p>\n<p align=\"left\">Updated on 02 October 2015<\/p>\n<\/div>\n<\/div>\n<\/div>\n<section class=\"section section-contact\"><\/section>\n","protected":false},"excerpt":{"rendered":"<p>THE HOTEL VERSAILLES \u2013 SH BUC YVELINES ( HOTEL \u2013 HEBERGEMENT) Soci\u00e9t\u00e9 \u00e0 responsabilit\u00e9 limit\u00e9e au capital de 45000 euros Rue Moranne Saulnier 78530 BUC RCS 319 187 431 R.C.S. VERSAILLES Intracom VAT no.: FR33319187431 T\u00e9l.: +33 (0)1 39 56 48 11 \u2013 Fax : +33 (0)1 39 56 81 54 The director of the [&hellip;]<\/p>\n","protected":false},"author":531,"featured_media":0,"parent":0,"menu_order":0,"comment_status":"closed","ping_status":"closed","template":"","meta":{"footnotes":""},"class_list":["post-230","page","type-page","status-publish","hentry"],"yoast_head":"<!-- This site is optimized with the Yoast SEO plugin v26.9 - https:\/\/yoast.com\/product\/yoast-seo-wordpress\/ -->\n<title>Legal notice - Best Western The Hotel Versailles<\/title>\n<meta name=\"description\" content=\"THE HOTEL VERSAILLES \u2013 SH BUC YVELINES ( HOTEL \u2013 HEBERGEMENT) Soci\u00e9t\u00e9 \u00e0 responsabilit\u00e9 limit\u00e9e au capital de 45000 euros Rue Moranne Saulnier 78530 BUC\" \/>\n<meta name=\"robots\" content=\"index, follow, max-snippet:-1, max-image-preview:large, max-video-preview:-1\" \/>\n<link rel=\"canonical\" href=\"https:\/\/www.thehotel-versailles.fr\/en\/legal-notice\/\" \/>\n<meta property=\"og:locale\" content=\"en_US\" \/>\n<meta property=\"og:type\" content=\"article\" \/>\n<meta property=\"og:title\" content=\"Legal notice - Best Western The Hotel Versailles\" \/>\n<meta property=\"og:description\" content=\"THE HOTEL VERSAILLES \u2013 SH BUC YVELINES ( HOTEL \u2013 HEBERGEMENT) Soci\u00e9t\u00e9 \u00e0 responsabilit\u00e9 limit\u00e9e au capital de 45000 euros Rue Moranne Saulnier 78530 BUC\" \/>\n<meta property=\"og:url\" content=\"https:\/\/www.thehotel-versailles.fr\/en\/legal-notice\/\" \/>\n<meta property=\"og:site_name\" content=\"Best Western The Hotel Versailles\" \/>\n<meta property=\"article:modified_time\" content=\"2023-01-31T12:49:16+00:00\" \/>\n<meta name=\"twitter:card\" content=\"summary_large_image\" \/>\n<meta name=\"twitter:label1\" content=\"Est. reading time\" \/>\n\t<meta name=\"twitter:data1\" content=\"6 minutes\" \/>\n<script type=\"application\/ld+json\" class=\"yoast-schema-graph\">{\"@context\":\"https:\/\/schema.org\",\"@graph\":[{\"@type\":\"WebPage\",\"@id\":\"https:\/\/www.thehotel-versailles.fr\/en\/legal-notice\/\",\"url\":\"https:\/\/www.thehotel-versailles.fr\/en\/legal-notice\/\",\"name\":\"Legal notice - Best Western The Hotel Versailles\",\"isPartOf\":{\"@id\":\"https:\/\/www.thehotel-versailles.fr\/en\/#website\"},\"datePublished\":\"2023-01-11T10:16:08+00:00\",\"dateModified\":\"2023-01-31T12:49:16+00:00\",\"description\":\"THE HOTEL VERSAILLES \u2013 SH BUC YVELINES ( HOTEL \u2013 HEBERGEMENT) Soci\u00e9t\u00e9 \u00e0 responsabilit\u00e9 limit\u00e9e au capital de 45000 euros Rue Moranne Saulnier 78530 BUC\",\"breadcrumb\":{\"@id\":\"https:\/\/www.thehotel-versailles.fr\/en\/legal-notice\/#breadcrumb\"},\"inLanguage\":\"en-US\",\"potentialAction\":[{\"@type\":\"ReadAction\",\"target\":[\"https:\/\/www.thehotel-versailles.fr\/en\/legal-notice\/\"]}]},{\"@type\":\"BreadcrumbList\",\"@id\":\"https:\/\/www.thehotel-versailles.fr\/en\/legal-notice\/#breadcrumb\",\"itemListElement\":[{\"@type\":\"ListItem\",\"position\":1,\"name\":\"Accueil\",\"item\":\"https:\/\/www.thehotel-versailles.fr\/en\/\"},{\"@type\":\"ListItem\",\"position\":2,\"name\":\"Legal notice\"}]},{\"@type\":\"WebSite\",\"@id\":\"https:\/\/www.thehotel-versailles.fr\/en\/#website\",\"url\":\"https:\/\/www.thehotel-versailles.fr\/en\/\",\"name\":\"Best Western The Hotel Versailles\",\"description\":\"\",\"potentialAction\":[{\"@type\":\"SearchAction\",\"target\":{\"@type\":\"EntryPoint\",\"urlTemplate\":\"https:\/\/www.thehotel-versailles.fr\/en\/?s={search_term_string}\"},\"query-input\":{\"@type\":\"PropertyValueSpecification\",\"valueRequired\":true,\"valueName\":\"search_term_string\"}}],\"inLanguage\":\"en-US\"}]}<\/script>\n<!-- \/ Yoast SEO plugin. -->","yoast_head_json":{"title":"Legal notice - Best Western The Hotel Versailles","description":"THE HOTEL VERSAILLES \u2013 SH BUC YVELINES ( HOTEL \u2013 HEBERGEMENT) Soci\u00e9t\u00e9 \u00e0 responsabilit\u00e9 limit\u00e9e au capital de 45000 euros Rue Moranne Saulnier 78530 BUC","robots":{"index":"index","follow":"follow","max-snippet":"max-snippet:-1","max-image-preview":"max-image-preview:large","max-video-preview":"max-video-preview:-1"},"canonical":"https:\/\/www.thehotel-versailles.fr\/en\/legal-notice\/","og_locale":"en_US","og_type":"article","og_title":"Legal notice - Best Western The Hotel Versailles","og_description":"THE HOTEL VERSAILLES \u2013 SH BUC YVELINES ( HOTEL \u2013 HEBERGEMENT) Soci\u00e9t\u00e9 \u00e0 responsabilit\u00e9 limit\u00e9e au capital de 45000 euros Rue Moranne Saulnier 78530 BUC","og_url":"https:\/\/www.thehotel-versailles.fr\/en\/legal-notice\/","og_site_name":"Best Western The Hotel Versailles","article_modified_time":"2023-01-31T12:49:16+00:00","twitter_card":"summary_large_image","twitter_misc":{"Est. reading time":"6 minutes"},"schema":{"@context":"https:\/\/schema.org","@graph":[{"@type":"WebPage","@id":"https:\/\/www.thehotel-versailles.fr\/en\/legal-notice\/","url":"https:\/\/www.thehotel-versailles.fr\/en\/legal-notice\/","name":"Legal notice - Best Western The Hotel Versailles","isPartOf":{"@id":"https:\/\/www.thehotel-versailles.fr\/en\/#website"},"datePublished":"2023-01-11T10:16:08+00:00","dateModified":"2023-01-31T12:49:16+00:00","description":"THE HOTEL VERSAILLES \u2013 SH BUC YVELINES ( HOTEL \u2013 HEBERGEMENT) Soci\u00e9t\u00e9 \u00e0 responsabilit\u00e9 limit\u00e9e au capital de 45000 euros Rue Moranne Saulnier 78530 BUC","breadcrumb":{"@id":"https:\/\/www.thehotel-versailles.fr\/en\/legal-notice\/#breadcrumb"},"inLanguage":"en-US","potentialAction":[{"@type":"ReadAction","target":["https:\/\/www.thehotel-versailles.fr\/en\/legal-notice\/"]}]},{"@type":"BreadcrumbList","@id":"https:\/\/www.thehotel-versailles.fr\/en\/legal-notice\/#breadcrumb","itemListElement":[{"@type":"ListItem","position":1,"name":"Accueil","item":"https:\/\/www.thehotel-versailles.fr\/en\/"},{"@type":"ListItem","position":2,"name":"Legal notice"}]},{"@type":"WebSite","@id":"https:\/\/www.thehotel-versailles.fr\/en\/#website","url":"https:\/\/www.thehotel-versailles.fr\/en\/","name":"Best Western The Hotel Versailles","description":"","potentialAction":[{"@type":"SearchAction","target":{"@type":"EntryPoint","urlTemplate":"https:\/\/www.thehotel-versailles.fr\/en\/?s={search_term_string}"},"query-input":{"@type":"PropertyValueSpecification","valueRequired":true,"valueName":"search_term_string"}}],"inLanguage":"en-US"}]}},"acf":[],"_links":{"self":[{"href":"https:\/\/www.thehotel-versailles.fr\/en\/wp-json\/wp\/v2\/pages\/230","targetHints":{"allow":["GET"]}}],"collection":[{"href":"https:\/\/www.thehotel-versailles.fr\/en\/wp-json\/wp\/v2\/pages"}],"about":[{"href":"https:\/\/www.thehotel-versailles.fr\/en\/wp-json\/wp\/v2\/types\/page"}],"author":[{"embeddable":true,"href":"https:\/\/www.thehotel-versailles.fr\/en\/wp-json\/wp\/v2\/users\/531"}],"replies":[{"embeddable":true,"href":"https:\/\/www.thehotel-versailles.fr\/en\/wp-json\/wp\/v2\/comments?post=230"}],"version-history":[{"count":0,"href":"https:\/\/www.thehotel-versailles.fr\/en\/wp-json\/wp\/v2\/pages\/230\/revisions"}],"wp:attachment":[{"href":"https:\/\/www.thehotel-versailles.fr\/en\/wp-json\/wp\/v2\/media?parent=230"}],"curies":[{"name":"wp","href":"https:\/\/api.w.org\/{rel}","templated":true}]}}